{"id":85,"date":"2024-07-24T08:02:00","date_gmt":"2024-07-24T08:02:00","guid":{"rendered":"https:\/\/taksav.org.tr\/?page_id=85"},"modified":"2024-09-20T06:35:00","modified_gmt":"2024-09-20T06:35:00","slug":"vakif-organlari","status":"publish","type":"page","link":"https:\/\/taksav.org.tr\/?page_id=85","title":{"rendered":"Vak\u0131f Organlar\u0131"},"content":{"rendered":"\n<p><strong>Vak\u0131<\/strong><strong>f Y<\/strong><strong>\u00f6<\/strong><strong>netim Kurulu<\/strong><\/p>\n\n\n\n<ol class=\"wp-block-list\">\n<li>Emin Koramaz   &#8211; Y\u00f6netim Kurulu Ba\u015fkan\u0131<\/li>\n\n\n\n<li>Y\u0131lmaz Eren       &#8211; Y\u00f6netim Kurulu Yazman \u00dcyesi<\/li>\n\n\n\n<li>\u00d6zg\u00fcr Top\u00e7u     &#8211; Y\u00f6netim Kurulu Sayman \u00dcyesi<\/li>\n\n\n\n<li>Bar\u0131\u015f \u0130nce<\/li>\n\n\n\n<li>Cengiz Bozkurt<\/li>\n\n\n\n<li>G\u00fcl Pekdo\u011fan<\/li>\n\n\n\n<li>\u0130lhan Cihaner<\/li>\n\n\n\n<li>Levent Hekim<\/li>\n\n\n\n<li>Miray Payasl\u0131<\/li>\n\n\n\n<li>Mustafa Karada\u011f<\/li>\n\n\n\n<li>Mutlu Aslan<\/li>\n\n\n\n<li>Sema P\u0131nar<\/li>\n\n\n\n<li>Sevgi Kardelen \u00d6zay<\/li>\n\n\n\n<li>Zeynep \u00c7atalkaya<\/li>\n\n\n\n<li>Yener Aksu<\/li>\n<\/ol>\n\n\n\n<p><strong>Y\u00f6netim Kurulu Yedek \u00dcyeleri<\/strong>:<\/p>\n\n\n\n<ol class=\"wp-block-list\">\n<li>Ahmet Patato\u011flu<\/li>\n\n\n\n<li>Sercan Dede<\/li>\n\n\n\n<li>Mehmet Aydo\u011fan<\/li>\n\n\n\n<li>Mehmet Ko\u00e7<\/li>\n\n\n\n<li>G\u00f6zde Akman<\/li>\n<\/ol>\n\n\n\n<p>&#8230;&#8230;&#8230;&#8230;&#8230;&#8230;&#8230;&#8230;&#8230;&#8230;&#8230;&#8230;&#8230;&#8230;&#8230;&#8230;&#8230;&#8230;&#8230;&#8230;&#8230;&#8230;&#8230;&#8230;&#8230;&#8230;&#8230;&#8230;&#8230;&#8230;..<\/p>\n\n\n\n<p><strong>Denetleme Kurulu:<\/strong><\/p>\n\n\n\n<ol class=\"wp-block-list\">\n<li>Abdullah Kahraman<\/li>\n\n\n\n<li>As\u0131m Ar\u0131<\/li>\n\n\n\n<li>Battal K\u0131l\u0131\u00e7<\/li>\n<\/ol>\n\n\n\n<p><strong>Denetleme Kurulu Yedek \u00dcyeleri<\/strong>:<\/p>\n\n\n\n<ol class=\"wp-block-list\">\n<li>Ali R\u0131za Cihan<\/li>\n\n\n\n<li>Eren \u015eahiner<\/li>\n\n\n\n<li>Sercan Ulu<\/li>\n<\/ol>\n\n\n\n<p><\/p>\n","protected":false},"excerpt":{"rendered":"<p>Vak\u0131f Y\u00f6netim Kurulu Y\u00f6netim Kurulu Yedek \u00dcyeleri: &#8230;&#8230;&#8230;&#8230;&#8230;&#8230;&#8230;&#8230;&#8230;&#8230;&#8230;&#8230;&#8230;&#8230;&#8230;&#8230;&#8230;&#8230;&#8230;&#8230;&#8230;&#8230;&#8230;&#8230;&#8230;&#8230;&#8230;&#8230;&#8230;&#8230;.. Denetleme Kurulu: Denetleme Kurulu Yedek \u00dcyeleri:<\/p>\n","protected":false},"author":1,"featured_media":230,"parent":0,"menu_order":0,"comment_status":"closed","ping_status":"closed","template":"","meta":{"footnotes":""},"class_list":["post-85","page","type-page","status-publish","has-post-thumbnail","hentry"],"_links":{"self":[{"href":"https:\/\/taksav.org.tr\/index.php?rest_route=\/wp\/v2\/pages\/85","targetHints":{"allow":["GET"]}}],"collection":[{"href":"https:\/\/taksav.org.tr\/index.php?rest_route=\/wp\/v2\/pages"}],"about":[{"href":"https:\/\/taksav.org.tr\/index.php?rest_route=\/wp\/v2\/types\/page"}],"author":[{"embeddable":true,"href":"https:\/\/taksav.org.tr\/index.php?rest_route=\/wp\/v2\/users\/1"}],"replies":[{"embeddable":true,"href":"https:\/\/taksav.org.tr\/index.php?rest_route=%2Fwp%2Fv2%2Fcomments&post=85"}],"version-history":[{"count":6,"href":"https:\/\/taksav.org.tr\/index.php?rest_route=\/wp\/v2\/pages\/85\/revisions"}],"predecessor-version":[{"id":324,"href":"https:\/\/taksav.org.tr\/index.php?rest_route=\/wp\/v2\/pages\/85\/revisions\/324"}],"wp:featuredmedia":[{"embeddable":true,"href":"https:\/\/taksav.org.tr\/index.php?rest_route=\/wp\/v2\/media\/230"}],"wp:attachment":[{"href":"https:\/\/taksav.org.tr\/index.php?rest_route=%2Fwp%2Fv2%2Fmedia&parent=85"}],"curies":[{"name":"wp","href":"https:\/\/api.w.org\/{rel}","templated":true}]}}